{"id":11,"date":"2021-05-18T14:08:07","date_gmt":"2021-05-18T12:08:07","guid":{"rendered":"http:\/\/wp.maler-ruegemer.de\/?page_id=11"},"modified":"2022-04-07T15:37:56","modified_gmt":"2022-04-07T13:37:56","slug":"trockenbau","status":"publish","type":"page","link":"https:\/\/www.maler-ruegemer.de\/index.php\/trockenbau\/","title":{"rendered":"Trockenbau"},"content":{"rendered":"\n<div class=\"alignfull\"><div id=\"metaslider-id-209\" style=\"width: 100%;\" class=\"ml-slider-3-92-1 metaslider metaslider-flex metaslider-209 ml-slider ms-theme-default\" role=\"region\" aria-roledescription=\"Slideshow\" aria-label=\"Trockenbau\">\n    <div id=\"metaslider_container_209\">\n        <div id=\"metaslider_209\">\n            <ul class='slides'>\n                <li style=\"display: block; width: 100%;\" class=\"slide-223 ms-image \" aria-roledescription=\"slide\" aria-label=\"slide-223\"><img loading=\"lazy\" decoding=\"async\" src=\"https:\/\/www.maler-ruegemer.de\/wp-content\/uploads\/2022\/04\/ruegemer_trockenbau_2.jpg\" height=\"860\" width=\"1920\" alt=\"\" class=\"slider-209 slide-223\" title=\"ruegemer_trockenbau_2\" \/><\/li>\n                <li style=\"display: none; width: 100%;\" class=\"slide-224 ms-image \" aria-roledescription=\"slide\" aria-label=\"slide-224\"><img loading=\"lazy\" decoding=\"async\" src=\"https:\/\/www.maler-ruegemer.de\/wp-content\/uploads\/2022\/04\/ruegemer_trockenbau_5.jpg\" height=\"860\" width=\"1920\" alt=\"\" class=\"slider-209 slide-224\" title=\"ruegemer_trockenbau_5\" \/><\/li>\n                <li style=\"display: none; width: 100%;\" class=\"slide-225 ms-image \" aria-roledescription=\"slide\" aria-label=\"slide-225\"><img loading=\"lazy\" decoding=\"async\" src=\"https:\/\/www.maler-ruegemer.de\/wp-content\/uploads\/2022\/04\/ruegemer_trockenbau_6.jpg\" height=\"860\" width=\"1920\" alt=\"\" class=\"slider-209 slide-225\" title=\"ruegemer_trockenbau_6\" \/><\/li>\n                <li style=\"display: none; width: 100%;\" class=\"slide-226 ms-image \" aria-roledescription=\"slide\" aria-label=\"slide-226\"><img loading=\"lazy\" decoding=\"async\" src=\"https:\/\/www.maler-ruegemer.de\/wp-content\/uploads\/2022\/04\/ruegemer_trockenbau_4.jpg\" height=\"860\" width=\"1920\" alt=\"\" class=\"slider-209 slide-226\" title=\"ruegemer_trockenbau_4\" \/><\/li>\n                <li style=\"display: none; width: 100%;\" class=\"slide-259 ms-image \" aria-roledescription=\"slide\" aria-label=\"slide-259\"><img loading=\"lazy\" decoding=\"async\" src=\"https:\/\/www.maler-ruegemer.de\/wp-content\/uploads\/2022\/04\/ruegemer_verputzen_4.jpg\" height=\"860\" width=\"1920\" alt=\"\" class=\"slider-209 slide-259\" title=\"ruegemer_verputzen_4\" \/><\/li>\n                <li style=\"display: none; width: 100%;\" class=\"slide-258 ms-image \" aria-roledescription=\"slide\" aria-label=\"slide-258\"><img loading=\"lazy\" decoding=\"async\" src=\"https:\/\/www.maler-ruegemer.de\/wp-content\/uploads\/2022\/04\/ruegemer_verputzen_1.jpg\" height=\"860\" width=\"1920\" alt=\"\" class=\"slider-209 slide-258\" title=\"ruegemer_verputzen_1\" \/><\/li>\n                <li style=\"display: none; width: 100%;\" class=\"slide-227 ms-image \" aria-roledescription=\"slide\" aria-label=\"slide-227\"><img loading=\"lazy\" decoding=\"async\" src=\"https:\/\/www.maler-ruegemer.de\/wp-content\/uploads\/2022\/04\/ruegemer_daemmung_1.jpg\" height=\"860\" width=\"1920\" alt=\"\" class=\"slider-209 slide-227\" title=\"ruegemer_daemmung_1\" \/><\/li>\n            <\/ul>\n        <\/div>\n        \n    <\/div>\n<\/div><\/div>\n\n\n\n<h2 class=\"wp-block-heading\">R\u00fcgemer Trockenbau Akustikbau W\u00fcrzburg<\/h2>\n\n\n\n<p>Wir sind Ihr Trockenbau-Fachbetrieb in Eisingen bei W\u00fcrzburg und erstellen Ihren Innenausbau in St\u00e4nderbauweise mit Gipskartonplatten und tragenden Elementen mittels Gasbeton-Bausteinen.<\/p>\n\n\n\n<p>Zu unserer t\u00e4glichen Arbeit im Bereich Trockenbau und Akustikbau, z\u00e4hlt die Errichtung von nichttragenden Zwischenw\u00e4nden und abgeh\u00e4ngten Decken. Wir erstellen f\u00fcr eine individuelle Raumaufteilung zudem verschiedene Bauformen wie Podeste, auch runde Abdeckungen und Deckenelemente in verschiedensten Ausf\u00fchrungen.<\/p>\n\n\n\n<p>Der Trockenbau bietet den Vorteil der flexiblen Einteilung von Raumfl\u00e4chen. Auch kurzfristige \u00c4nderungen w\u00e4hrend der Bauphase lassen sich hierbei leicht durchf\u00fchren.<\/p>\n\n\n\n<p>Auch sp\u00e4ter besteht die Flexibilit\u00e4t dieses variablen Aufbaus einer modernen Raumaufteilung darin, \u00c4nderungen der Wohnfl\u00e4che und Arbeitsfl\u00e4che ohne gro\u00dfen Aufwand durchzuf\u00fchren und ver\u00e4ndern zu k\u00f6nnen.<\/p>\n\n\n\n<p>Fragen Sie uns, die Trockenbauspezialisten in Eisingen bei W\u00fcrzburg: Telefon 09306 &#8211; 1238<\/p>\n","protected":false},"excerpt":{"rendered":"<p>R\u00fcgemer Trockenbau Akustikbau W\u00fcrzburg Wir sind Ihr Trockenbau-Fachbetrieb in Eisingen bei W\u00fcrzburg und erstellen Ihren Innenausbau in St\u00e4nderbauweise mit Gipskartonplatten und tragenden Elementen mittels Gasbeton-Bausteinen. Zu unserer t\u00e4glichen Arbeit im Bereich Trockenbau und Akustikbau, z\u00e4hlt die Errichtung von nichttragenden Zwischenw\u00e4nden und abgeh\u00e4ngten Decken. Wir erstellen f\u00fcr eine individuelle Raumaufteilung zudem verschiedene Bauformen wie Podeste, auch &#8230; <a title=\"Trockenbau\" class=\"read-more\" href=\"https:\/\/www.maler-ruegemer.de\/index.php\/trockenbau\/\" aria-label=\"Mehr zu Trockenbau\">Weiterlesen &#8230;<\/a><\/p>\n","protected":false},"author":1,"featured_media":0,"parent":0,"menu_order":0,"comment_status":"closed","ping_status":"closed","template":"","meta":{"_monsterinsights_skip_tracking":false,"_monsterinsights_sitenote_active":false,"_monsterinsights_sitenote_note":"","_monsterinsights_sitenote_category":0,"footnotes":""},"class_list":["post-11","page","type-page","status-publish"],"aioseo_notices":[],"_links":{"self":[{"href":"https:\/\/www.maler-ruegemer.de\/index.php\/wp-json\/wp\/v2\/pages\/11","targetHints":{"allow":["GET"]}}],"collection":[{"href":"https:\/\/www.maler-ruegemer.de\/index.php\/wp-json\/wp\/v2\/pages"}],"about":[{"href":"https:\/\/www.maler-ruegemer.de\/index.php\/wp-json\/wp\/v2\/types\/page"}],"author":[{"embeddable":true,"href":"https:\/\/www.maler-ruegemer.de\/index.php\/wp-json\/wp\/v2\/users\/1"}],"replies":[{"embeddable":true,"href":"https:\/\/www.maler-ruegemer.de\/index.php\/wp-json\/wp\/v2\/comments?post=11"}],"version-history":[{"count":6,"href":"https:\/\/www.maler-ruegemer.de\/index.php\/wp-json\/wp\/v2\/pages\/11\/revisions"}],"predecessor-version":[{"id":242,"href":"https:\/\/www.maler-ruegemer.de\/index.php\/wp-json\/wp\/v2\/pages\/11\/revisions\/242"}],"wp:attachment":[{"href":"https:\/\/www.maler-ruegemer.de\/index.php\/wp-json\/wp\/v2\/media?parent=11"}],"curies":[{"name":"wp","href":"https:\/\/api.w.org\/{rel}","templated":true}]}}