{"id":13,"date":"2021-05-18T14:08:26","date_gmt":"2021-05-18T12:08:26","guid":{"rendered":"http:\/\/wp.maler-ruegemer.de\/?page_id=13"},"modified":"2022-04-07T15:39:13","modified_gmt":"2022-04-07T13:39:13","slug":"verputz","status":"publish","type":"page","link":"https:\/\/www.maler-ruegemer.de\/index.php\/verputz\/","title":{"rendered":"Verputz"},"content":{"rendered":"\n<div class=\"alignfull\"><div id=\"metaslider-id-228\" style=\"width: 100%;\" class=\"ml-slider-3-92-1 metaslider metaslider-flex metaslider-228 ml-slider ms-theme-default\" role=\"region\" aria-roledescription=\"Slideshow\" aria-label=\"Aussenputz\">\n    <div id=\"metaslider_container_228\">\n        <div id=\"metaslider_228\">\n            <ul class='slides'>\n                <li style=\"display: block; width: 100%;\" class=\"slide-231 ms-image \" aria-roledescription=\"slide\" aria-label=\"slide-231\"><img loading=\"lazy\" decoding=\"async\" src=\"https:\/\/www.maler-ruegemer.de\/wp-content\/uploads\/2022\/04\/ruegemer_verputzen_3.jpg\" height=\"860\" width=\"1920\" alt=\"\" class=\"slider-228 slide-231\" title=\"ruegemer_verputzen_3\" \/><\/li>\n            <\/ul>\n        <\/div>\n        \n    <\/div>\n<\/div><\/div>\n\n\n\n<h2 class=\"wp-block-heading\">R\u00fcgemer Au\u00dfenputz Innenputz W\u00fcrzburg<\/h2>\n\n\n\n<p>Wir sind Ihr Verputzer-Fachbetrieb in Eisingen bei W\u00fcrzburg und erstellen Ihnen fachgerecht den Verputz Ihrer Au\u00dfenfassade und Innenr\u00e4ume.<\/p>\n\n\n\n<p>Ein von uns erstellter fachgerechter Au\u00dfenputz und Innenputz setzt den Abschluss Ihrer Fassadengestaltung und Grundlage f\u00fcr eine moderne Raumgestaltung. Zudem sch\u00fctzt ein professioneller Au\u00dfenputz Ihr Geb\u00e4ude vor sch\u00e4digenden Wetter- und Umwelteinfl\u00fcssen.<\/p>\n\n\n\n<p>Verputzarbeiten f\u00fcr Neubauten und bei Sanierungsma\u00dfnahmen sind Teil unserer Standardleistungen und beruhen auf unserer jahrzehntelangen Erfahrung. Hierbei kommen die \u00fcblichen Verfahren zum Einsatz: Gipsverputz, Gips-Kalk-Verputz und Gips-Kalk-Zement-Verputz. Abschlie\u00dfend erfolgen Maler- und Tapezierarbeiten oder W\u00e4rmed\u00e4mmputz-Verfahren f\u00fcr spezielle energetische Anforderungen.<\/p>\n\n\n\n<p>Der normaler weise verwendete Gipsverputz hat viele Vorteile. Er trocknet sehr schnell, sodass Folgearbeiten z\u00fcgig fortgef\u00fchrt werden k\u00f6nnen. Er tr\u00e4gt auch zu einer optimalen Klimaregulierung bei und seine Materialbeschaffenheit erm\u00f6glicht eine Vielzahl an Verarbeitungs- und Gestaltungsm\u00f6glichkeiten. Zudem ist hinsichtlich der Preisgestaltung in seiner Wirtschaftlichkeit als sehr gut zu bezeichnen.<\/p>\n\n\n\n<p>Schon bei den Vorbereitungsarbeiten arbeiten unsere Teams mit h\u00f6chster Sorgfalt. Die Oberfl\u00e4chen werden sorgsam gereinigt, Risse und Fehlstellen verschlossen und gegl\u00e4ttet. Diese Arbeiten im Vorfeld sind die Grundlage f\u00fcr ein optimales Endergebnis.<\/p>\n\n\n\n<p>Unsere Handwerksmeister kontrollieren die Arbeitsabl\u00e4ufe auf unseren verschiedenen Baustellen regelm\u00e4\u00dfig, und gew\u00e4hrleisten so h\u00f6chste Qualit\u00e4t.<\/p>\n\n\n\n<p>Fragen Sie uns, die Verputzspezialisten in Eisingen bei W\u00fcrzburg: Telefon 09306 &#8211; 1238<\/p>\n","protected":false},"excerpt":{"rendered":"<p>R\u00fcgemer Au\u00dfenputz Innenputz W\u00fcrzburg Wir sind Ihr Verputzer-Fachbetrieb in Eisingen bei W\u00fcrzburg und erstellen Ihnen fachgerecht den Verputz Ihrer Au\u00dfenfassade und Innenr\u00e4ume. Ein von uns erstellter fachgerechter Au\u00dfenputz und Innenputz setzt den Abschluss Ihrer Fassadengestaltung und Grundlage f\u00fcr eine moderne Raumgestaltung. Zudem sch\u00fctzt ein professioneller Au\u00dfenputz Ihr Geb\u00e4ude vor sch\u00e4digenden Wetter- und Umwelteinfl\u00fcssen. Verputzarbeiten f\u00fcr &#8230; <a title=\"Verputz\" class=\"read-more\" href=\"https:\/\/www.maler-ruegemer.de\/index.php\/verputz\/\" aria-label=\"Mehr zu Verputz\">Weiterlesen &#8230;<\/a><\/p>\n","protected":false},"author":1,"featured_media":0,"parent":0,"menu_order":0,"comment_status":"closed","ping_status":"closed","template":"","meta":{"_monsterinsights_skip_tracking":false,"_monsterinsights_sitenote_active":false,"_monsterinsights_sitenote_note":"","_monsterinsights_sitenote_category":0,"footnotes":""},"class_list":["post-13","page","type-page","status-publish"],"aioseo_notices":[],"_links":{"self":[{"href":"https:\/\/www.maler-ruegemer.de\/index.php\/wp-json\/wp\/v2\/pages\/13","targetHints":{"allow":["GET"]}}],"collection":[{"href":"https:\/\/www.maler-ruegemer.de\/index.php\/wp-json\/wp\/v2\/pages"}],"about":[{"href":"https:\/\/www.maler-ruegemer.de\/index.php\/wp-json\/wp\/v2\/types\/page"}],"author":[{"embeddable":true,"href":"https:\/\/www.maler-ruegemer.de\/index.php\/wp-json\/wp\/v2\/users\/1"}],"replies":[{"embeddable":true,"href":"https:\/\/www.maler-ruegemer.de\/index.php\/wp-json\/wp\/v2\/comments?post=13"}],"version-history":[{"count":4,"href":"https:\/\/www.maler-ruegemer.de\/index.php\/wp-json\/wp\/v2\/pages\/13\/revisions"}],"predecessor-version":[{"id":243,"href":"https:\/\/www.maler-ruegemer.de\/index.php\/wp-json\/wp\/v2\/pages\/13\/revisions\/243"}],"wp:attachment":[{"href":"https:\/\/www.maler-ruegemer.de\/index.php\/wp-json\/wp\/v2\/media?parent=13"}],"curies":[{"name":"wp","href":"https:\/\/api.w.org\/{rel}","templated":true}]}}