{"id":17,"date":"2021-05-18T14:09:05","date_gmt":"2021-05-18T12:09:05","guid":{"rendered":"http:\/\/wp.maler-ruegemer.de\/?page_id=17"},"modified":"2022-04-07T15:41:56","modified_gmt":"2022-04-07T13:41:56","slug":"geruestbau","status":"publish","type":"page","link":"https:\/\/www.maler-ruegemer.de\/index.php\/geruestbau\/","title":{"rendered":"Ger\u00fcstbau"},"content":{"rendered":"\n<div class=\"alignfull\"><div id=\"metaslider-id-236\" style=\"width: 100%;\" class=\"ml-slider-3-92-1 metaslider metaslider-flex metaslider-236 ml-slider ms-theme-default\" role=\"region\" aria-roledescription=\"Slideshow\" aria-label=\"Ger\u00fcstbau\">\n    <div id=\"metaslider_container_236\">\n        <div id=\"metaslider_236\">\n            <ul class='slides'>\n                <li style=\"display: block; width: 100%;\" class=\"slide-237 ms-image \" aria-roledescription=\"slide\" aria-label=\"slide-237\"><img loading=\"lazy\" decoding=\"async\" src=\"https:\/\/www.maler-ruegemer.de\/wp-content\/uploads\/2022\/04\/ruegemer_geruestbau_2.jpg\" height=\"860\" width=\"1920\" alt=\"\" class=\"slider-236 slide-237\" title=\"ruegemer_geruestbau_2\" \/><\/li>\n                <li style=\"display: none; width: 100%;\" class=\"slide-238 ms-image \" aria-roledescription=\"slide\" aria-label=\"slide-238\"><img loading=\"lazy\" decoding=\"async\" src=\"https:\/\/www.maler-ruegemer.de\/wp-content\/uploads\/2022\/04\/ruegemer_geruestbau_1.jpg\" height=\"860\" width=\"1920\" alt=\"\" class=\"slider-236 slide-238\" title=\"ruegemer_geruestbau_1\" \/><\/li>\n                <li style=\"display: none; width: 100%;\" class=\"slide-239 ms-image \" aria-roledescription=\"slide\" aria-label=\"slide-239\"><img loading=\"lazy\" decoding=\"async\" src=\"https:\/\/www.maler-ruegemer.de\/wp-content\/uploads\/2022\/04\/ruegemer_geruestbau_3.jpg\" height=\"860\" width=\"1920\" alt=\"\" class=\"slider-236 slide-239\" title=\"ruegemer_geruestbau_3\" \/><\/li>\n                <li style=\"display: none; width: 100%;\" class=\"slide-240 ms-image \" aria-roledescription=\"slide\" aria-label=\"slide-240\"><img loading=\"lazy\" decoding=\"async\" src=\"https:\/\/www.maler-ruegemer.de\/wp-content\/uploads\/2022\/04\/ruegemer_geruestbau_4.jpg\" height=\"860\" width=\"1920\" alt=\"\" class=\"slider-236 slide-240\" title=\"ruegemer_geruestbau_4\" \/><\/li>\n            <\/ul>\n        <\/div>\n        \n    <\/div>\n<\/div><\/div>\n\n\n\n<h2 class=\"wp-block-heading\">R\u00fcgemer Ger\u00fcstbau W\u00fcrzburg<\/h2>\n\n\n\n<p>Wir sind Ihr Ger\u00fcstbau-Fachbetrieb in Eisingen bei W\u00fcrzburg stellen fachgerecht ein Ger\u00fcst an Ihrer Baustelle und Ihrem Renovierungsobjekt auf.<\/p>\n\n\n\n<p>Der fachgerechte Aufbau eines Bauger\u00fcstes beginnt bei uns mit einer verantwortungsvollen Planung. Unsere Projektleiter fahren vor Ort und dokumentieren die Gegebenheiten am Objekt. Mit Hilfe der zus\u00e4tzlichen Baupl\u00e4ne stellen wir dann die exakte Menge der ben\u00f6tigten Ger\u00fcstelemente und technischen Hilfsmittel fest. So sind die Auf- und Abbauzeiten der gesamten Ger\u00fcstkonstruktion kalkulierbar und kosteneffizient umzusetzen.<\/p>\n\n\n\n<p>Unsere Bauger\u00fcste kommen hierbei zum Einsatz bei Neubauten, bei Renovierungsobjekten, sowie der Sanierung von Ein- und Mehrfamilienh\u00e4usern.<\/p>\n\n\n\n<p>Auch gro\u00dfe Gewerbeobjekte und historische Geb\u00e4ude werden von uns fachgerecht und sicher einger\u00fcstet.<\/p>\n\n\n\n<p>Fragen Sie uns, die Ger\u00fcstbauspezialisten in Eisingen bei W\u00fcrzburg: Telefon 09306 &#8211; 1238<\/p>\n","protected":false},"excerpt":{"rendered":"<p>R\u00fcgemer Ger\u00fcstbau W\u00fcrzburg Wir sind Ihr Ger\u00fcstbau-Fachbetrieb in Eisingen bei W\u00fcrzburg stellen fachgerecht ein Ger\u00fcst an Ihrer Baustelle und Ihrem Renovierungsobjekt auf. Der fachgerechte Aufbau eines Bauger\u00fcstes beginnt bei uns mit einer verantwortungsvollen Planung. Unsere Projektleiter fahren vor Ort und dokumentieren die Gegebenheiten am Objekt. Mit Hilfe der zus\u00e4tzlichen Baupl\u00e4ne stellen wir dann die exakte &#8230; <a title=\"Ger\u00fcstbau\" class=\"read-more\" href=\"https:\/\/www.maler-ruegemer.de\/index.php\/geruestbau\/\" aria-label=\"Mehr zu Ger\u00fcstbau\">Weiterlesen &#8230;<\/a><\/p>\n","protected":false},"author":1,"featured_media":0,"parent":0,"menu_order":0,"comment_status":"closed","ping_status":"closed","template":"","meta":{"_monsterinsights_skip_tracking":false,"_monsterinsights_sitenote_active":false,"_monsterinsights_sitenote_note":"","_monsterinsights_sitenote_category":0,"footnotes":""},"class_list":["post-17","page","type-page","status-publish"],"aioseo_notices":[],"_links":{"self":[{"href":"https:\/\/www.maler-ruegemer.de\/index.php\/wp-json\/wp\/v2\/pages\/17","targetHints":{"allow":["GET"]}}],"collection":[{"href":"https:\/\/www.maler-ruegemer.de\/index.php\/wp-json\/wp\/v2\/pages"}],"about":[{"href":"https:\/\/www.maler-ruegemer.de\/index.php\/wp-json\/wp\/v2\/types\/page"}],"author":[{"embeddable":true,"href":"https:\/\/www.maler-ruegemer.de\/index.php\/wp-json\/wp\/v2\/users\/1"}],"replies":[{"embeddable":true,"href":"https:\/\/www.maler-ruegemer.de\/index.php\/wp-json\/wp\/v2\/comments?post=17"}],"version-history":[{"count":4,"href":"https:\/\/www.maler-ruegemer.de\/index.php\/wp-json\/wp\/v2\/pages\/17\/revisions"}],"predecessor-version":[{"id":245,"href":"https:\/\/www.maler-ruegemer.de\/index.php\/wp-json\/wp\/v2\/pages\/17\/revisions\/245"}],"wp:attachment":[{"href":"https:\/\/www.maler-ruegemer.de\/index.php\/wp-json\/wp\/v2\/media?parent=17"}],"curies":[{"name":"wp","href":"https:\/\/api.w.org\/{rel}","templated":true}]}}