{"id":19,"date":"2021-05-18T14:09:22","date_gmt":"2021-05-18T12:09:22","guid":{"rendered":"http:\/\/wp.maler-ruegemer.de\/?page_id=19"},"modified":"2022-05-09T12:20:58","modified_gmt":"2022-05-09T10:20:58","slug":"kontakt","status":"publish","type":"page","link":"https:\/\/www.maler-ruegemer.de\/index.php\/kontakt\/","title":{"rendered":"Kontaktinformationen der R\u00fcgemer GmbH"},"content":{"rendered":"\n<div class=\"wp-block-columns is-layout-flex wp-container-core-columns-is-layout-9d6595d7 wp-block-columns-is-layout-flex\">\n<div class=\"wp-block-column is-layout-flow wp-block-column-is-layout-flow\">\n<p>R\u00fcgemer GmbH<br>M\u00fcllersweg 10<br>D-97249 Eisingen | W\u00fcrzburg<\/p>\n<\/div>\n\n\n\n<div class=\"wp-block-column is-layout-flow wp-block-column-is-layout-flow\">\n<p class=\"has-text-align-right\">Telefon: 09306 &#8211; 1238<br>Telefax: 09306 &#8211; 2548<br><a href=\"mailto:info@maler-ruegemer.de\">info@maler-ruegemer.de<\/a><\/p>\n<\/div>\n<\/div>\n\n\n\n<p>Ihre Angaben machen Sie freiwillig. Die Pflichtfelder in diesem Formular sind mit diesem Stern * gekennzeichnet und m\u00fcssen bitte von Ihnen ausgef\u00fcllt werden, um Ihre Anfrage bearbeiten zu k\u00f6nnen. Unsere R\u00fcckmeldung erfolgt erstmalig auf die von Ihnen angegebene Telefonnummer!<\/p>\n\n\n\n<div class=\"wp-block-group has-white-color has-text-color has-background\" style=\"background-color:#ff8c22\"><div class=\"wp-block-group__inner-container is-layout-flow wp-block-group-is-layout-flow\">\n<h2 class=\"has-white-color has-text-color wp-block-heading\">Ihre Angaben:<\/h2>\n\n\n<div class=\"wpforms-container wpforms-container-full wpforms-block\" id=\"wpforms-131\"><form id=\"wpforms-form-131\" class=\"wpforms-validate wpforms-form\" data-formid=\"131\" method=\"post\" enctype=\"multipart\/form-data\" action=\"\/index.php\/wp-json\/wp\/v2\/pages\/19\" data-token=\"3f32213458f452f12e54be2d40aa68db\" data-token-time=\"1778066366\"><noscript class=\"wpforms-error-noscript\">Bitte aktiviere JavaScript in deinem Browser, um dieses Formular fertigzustellen.<\/noscript><div class=\"wpforms-field-container\"><div id=\"wpforms-131-field_1-container\" class=\"wpforms-field wpforms-field-radio wpforms-list-2-columns\" data-field-id=\"1\"><label class=\"wpforms-field-label\">Anrede<\/label><ul id=\"wpforms-131-field_1\"><li class=\"choice-1 depth-1\"><input type=\"radio\" id=\"wpforms-131-field_1_1\" name=\"wpforms[fields][1]\" value=\"Frau\"  ><label class=\"wpforms-field-label-inline\" for=\"wpforms-131-field_1_1\">Frau<\/label><\/li><li class=\"choice-2 depth-1\"><input type=\"radio\" id=\"wpforms-131-field_1_2\" name=\"wpforms[fields][1]\" value=\"Herr\"  ><label class=\"wpforms-field-label-inline\" for=\"wpforms-131-field_1_2\">Herr<\/label><\/li><\/ul><\/div><div id=\"wpforms-131-field_2-container\" class=\"wpforms-field wpforms-field-name\" data-field-id=\"2\"><label class=\"wpforms-field-label\" for=\"wpforms-131-field_2\">Name <span class=\"wpforms-required-label\">*<\/span><\/label><div class=\"wpforms-field-row wpforms-field-large\"><div class=\"wpforms-field-row-block wpforms-first wpforms-one-half\"><input type=\"text\" id=\"wpforms-131-field_2\" class=\"wpforms-field-name-first wpforms-field-required\" name=\"wpforms[fields][2][first]\" required><label for=\"wpforms-131-field_2\" class=\"wpforms-field-sublabel after\">Vorname<\/label><\/div><div class=\"wpforms-field-row-block wpforms-one-half\"><input type=\"text\" id=\"wpforms-131-field_2-last\" class=\"wpforms-field-name-last wpforms-field-required\" name=\"wpforms[fields][2][last]\" required><label for=\"wpforms-131-field_2-last\" class=\"wpforms-field-sublabel after\">Nachname<\/label><\/div><\/div><\/div><div id=\"wpforms-131-field_3-container\" class=\"wpforms-field wpforms-field-radio wpforms-list-2-columns\" data-field-id=\"3\"><label class=\"wpforms-field-label wpforms-label-hide\">Kunde<\/label><ul id=\"wpforms-131-field_3\"><li class=\"choice-1 depth-1\"><input type=\"radio\" id=\"wpforms-131-field_3_1\" name=\"wpforms[fields][3]\" value=\"Privatkunde\"  ><label class=\"wpforms-field-label-inline\" for=\"wpforms-131-field_3_1\">Privatkunde<\/label><\/li><li class=\"choice-2 depth-1\"><input type=\"radio\" id=\"wpforms-131-field_3_2\" name=\"wpforms[fields][3]\" value=\"Unternehmen\"  ><label class=\"wpforms-field-label-inline\" for=\"wpforms-131-field_3_2\">Unternehmen<\/label><\/li><\/ul><\/div><div id=\"wpforms-131-field_4-container\" class=\"wpforms-field wpforms-field-text\" data-field-id=\"4\"><label class=\"wpforms-field-label\" for=\"wpforms-131-field_4\">Ihre Unternehmensbezeichnung<\/label><input type=\"text\" id=\"wpforms-131-field_4\" class=\"wpforms-field-medium\" name=\"wpforms[fields][4]\" ><\/div><div id=\"wpforms-131-field_6-container\" class=\"wpforms-field wpforms-field-text wpforms-one-half wpforms-first\" data-field-id=\"6\"><label class=\"wpforms-field-label\" for=\"wpforms-131-field_6\">Telefon <span class=\"wpforms-required-label\">*<\/span><\/label><input type=\"text\" id=\"wpforms-131-field_6\" class=\"wpforms-field-medium wpforms-field-required\" name=\"wpforms[fields][6]\" required><\/div><div id=\"wpforms-131-field_10-container\" class=\"wpforms-field wpforms-field-email wpforms-one-half\" data-field-id=\"10\"><label class=\"wpforms-field-label\" for=\"wpforms-131-field_10\">E-Mail <span class=\"wpforms-required-label\">*<\/span><\/label><input type=\"email\" id=\"wpforms-131-field_10\" class=\"wpforms-field-medium wpforms-field-required\" name=\"wpforms[fields][10]\" spellcheck=\"false\" required><\/div><div id=\"wpforms-131-field_8-container\" class=\"wpforms-field wpforms-field-text wpforms-one-half wpforms-first\" data-field-id=\"8\"><label class=\"wpforms-field-label\" for=\"wpforms-131-field_8\">Strasse, Hausnummer <span class=\"wpforms-required-label\">*<\/span><\/label><input type=\"text\" id=\"wpforms-131-field_8\" class=\"wpforms-field-medium wpforms-field-required\" name=\"wpforms[fields][8]\" required><\/div><div id=\"wpforms-131-field_9-container\" class=\"wpforms-field wpforms-field-text wpforms-one-half\" data-field-id=\"9\"><label class=\"wpforms-field-label\" for=\"wpforms-131-field_9\">PLZ, Ort <span class=\"wpforms-required-label\">*<\/span><\/label><input type=\"text\" id=\"wpforms-131-field_9\" class=\"wpforms-field-medium wpforms-field-required\" name=\"wpforms[fields][9]\" required><\/div><div id=\"wpforms-131-field_14-container\" class=\"wpforms-field wpforms-field-checkbox wpforms-list-2-columns\" data-field-id=\"14\"><label class=\"wpforms-field-label\">Ihr Interresse gilt folgenden Arbeitsbereichen<\/label><ul id=\"wpforms-131-field_14\"><li class=\"choice-1 depth-1\"><input type=\"checkbox\" id=\"wpforms-131-field_14_1\" name=\"wpforms[fields][14][]\" value=\"Trockenbau &amp; Akustikbau\"  ><label class=\"wpforms-field-label-inline\" for=\"wpforms-131-field_14_1\">Trockenbau &amp; Akustikbau<\/label><\/li><li class=\"choice-2 depth-1\"><input type=\"checkbox\" id=\"wpforms-131-field_14_2\" name=\"wpforms[fields][14][]\" value=\"W\u00e4rmed\u00e4mmungen\"  ><label class=\"wpforms-field-label-inline\" for=\"wpforms-131-field_14_2\">W\u00e4rmed\u00e4mmungen<\/label><\/li><li class=\"choice-3 depth-1\"><input type=\"checkbox\" id=\"wpforms-131-field_14_3\" name=\"wpforms[fields][14][]\" value=\"Au\u00dfenputz &amp; Innenputz\"  ><label class=\"wpforms-field-label-inline\" for=\"wpforms-131-field_14_3\">Au\u00dfenputz &amp; Innenputz<\/label><\/li><li class=\"choice-4 depth-1\"><input type=\"checkbox\" id=\"wpforms-131-field_14_4\" name=\"wpforms[fields][14][]\" value=\"Deko &amp; Stuckarbeiten\"  ><label class=\"wpforms-field-label-inline\" for=\"wpforms-131-field_14_4\">Deko &amp; Stuckarbeiten<\/label><\/li><li class=\"choice-5 depth-1\"><input type=\"checkbox\" id=\"wpforms-131-field_14_5\" name=\"wpforms[fields][14][]\" value=\"Malerarbeiten &amp; Tapezieren\"  ><label class=\"wpforms-field-label-inline\" for=\"wpforms-131-field_14_5\">Malerarbeiten &amp; Tapezieren<\/label><\/li><li class=\"choice-6 depth-1\"><input type=\"checkbox\" id=\"wpforms-131-field_14_6\" name=\"wpforms[fields][14][]\" value=\"Abbrucharbeiten\"  ><label class=\"wpforms-field-label-inline\" for=\"wpforms-131-field_14_6\">Abbrucharbeiten<\/label><\/li><li class=\"choice-8 depth-1\"><input type=\"checkbox\" id=\"wpforms-131-field_14_8\" name=\"wpforms[fields][14][]\" value=\"Ger\u00fcstbau\"  ><label class=\"wpforms-field-label-inline\" for=\"wpforms-131-field_14_8\">Ger\u00fcstbau<\/label><\/li><li class=\"choice-9 depth-1\"><input type=\"checkbox\" id=\"wpforms-131-field_14_9\" name=\"wpforms[fields][14][]\" value=\"Renovierung \/ Sanierung\"  ><label class=\"wpforms-field-label-inline\" for=\"wpforms-131-field_14_9\">Renovierung \/ Sanierung<\/label><\/li><\/ul><\/div><div id=\"wpforms-131-field_12-container\" class=\"wpforms-field wpforms-field-textarea\" data-field-id=\"12\"><label class=\"wpforms-field-label\" for=\"wpforms-131-field_12\">Ihre kurze Anmerkung:<\/label><textarea id=\"wpforms-131-field_12\" class=\"wpforms-field-medium\" name=\"wpforms[fields][12]\" ><\/textarea><\/div><div id=\"wpforms-131-field_13-container\" class=\"wpforms-field wpforms-field-gdpr-checkbox\" data-field-id=\"13\"><label class=\"wpforms-field-label\">DSGVO-Einverst\u00e4ndnis <span class=\"wpforms-required-label\">*<\/span><\/label><ul id=\"wpforms-131-field_13\" class=\"wpforms-field-required\"><li class=\"choice-1\"><input type=\"checkbox\" id=\"wpforms-131-field_13_1\" name=\"wpforms[fields][13][]\" value=\"Ich willige ein, dass diese Website meine \u00fcbermittelten Informationen speichert, sodass meine Anfrage beantwortet werden kann.\" required ><label class=\"wpforms-field-label-inline\" for=\"wpforms-131-field_13_1\">Ich willige ein, dass diese Website meine \u00fcbermittelten Informationen speichert, sodass meine Anfrage beantwortet werden kann.<\/label><\/li><\/ul><\/div><\/div><!-- .wpforms-field-container --><div class=\"wpforms-recaptcha-container wpforms-is-hcaptcha\" ><div class=\"g-recaptcha\" data-sitekey=\"dd57fe33-85d9-486b-b46f-49f003ab40d6\"><\/div><input type=\"text\" name=\"g-recaptcha-hidden\" class=\"wpforms-recaptcha-hidden\" style=\"position:absolute!important;clip:rect(0,0,0,0)!important;height:1px!important;width:1px!important;border:0!important;overflow:hidden!important;padding:0!important;margin:0!important;\" data-rule-hcaptcha=\"1\"><\/div><div class=\"wpforms-submit-container\" ><input type=\"hidden\" name=\"wpforms[id]\" value=\"131\"><input type=\"hidden\" name=\"page_title\" value=\"\"><input type=\"hidden\" name=\"page_url\" value=\"https:\/\/www.maler-ruegemer.de\/index.php\/wp-json\/wp\/v2\/pages\/19\"><button type=\"submit\" name=\"wpforms[submit]\" id=\"wpforms-submit-131\" class=\"wpforms-submit\" data-alt-text=\"Senden...\" data-submit-text=\"Absenden\" aria-live=\"assertive\" value=\"wpforms-submit\">Absenden<\/button><\/div><\/form><\/div>  <!-- .wpforms-container --><\/div><\/div>\n\n\n\n<div class=\"alignfull\"><iframe src=\"https:\/\/www.google.com\/maps\/embed?pb=!1m14!1m8!1m3!1d10309.346407592951!2d9.831917!3d49.760925!3m2!1i1024!2i768!4f13.1!3m3!1m2!1s0x47a29bb7907d1505%3A0xa4f5e2ad8b83fd3c!2zUsO8Z2VtZXI!5e0!3m2!1sde!2sde!4v1622551023208!5m2!1sde!2sde\" width=\"100%\" height=\"450\" style=\"border:0;\" allowfullscreen=\"\" loading=\"lazy\"><\/iframe><\/div>\n","protected":false},"excerpt":{"rendered":"<p>R\u00fcgemer GmbHM\u00fcllersweg 10D-97249 Eisingen | W\u00fcrzburg Telefon: 09306 &#8211; 1238Telefax: 09306 &#8211; 2548info@maler-ruegemer.de Ihre Angaben machen Sie freiwillig. Die Pflichtfelder in diesem Formular sind mit diesem Stern * gekennzeichnet und m\u00fcssen bitte von Ihnen ausgef\u00fcllt werden, um Ihre Anfrage bearbeiten zu k\u00f6nnen. Unsere R\u00fcckmeldung erfolgt erstmalig auf die von Ihnen angegebene Telefonnummer! Ihre Angaben:<\/p>\n","protected":false},"author":1,"featured_media":0,"parent":0,"menu_order":0,"comment_status":"closed","ping_status":"closed","template":"","meta":{"_monsterinsights_skip_tracking":false,"_monsterinsights_sitenote_active":false,"_monsterinsights_sitenote_note":"","_monsterinsights_sitenote_category":0,"footnotes":""},"class_list":["post-19","page","type-page","status-publish"],"aioseo_notices":[],"_links":{"self":[{"href":"https:\/\/www.maler-ruegemer.de\/index.php\/wp-json\/wp\/v2\/pages\/19","targetHints":{"allow":["GET"]}}],"collection":[{"href":"https:\/\/www.maler-ruegemer.de\/index.php\/wp-json\/wp\/v2\/pages"}],"about":[{"href":"https:\/\/www.maler-ruegemer.de\/index.php\/wp-json\/wp\/v2\/types\/page"}],"author":[{"embeddable":true,"href":"https:\/\/www.maler-ruegemer.de\/index.php\/wp-json\/wp\/v2\/users\/1"}],"replies":[{"embeddable":true,"href":"https:\/\/www.maler-ruegemer.de\/index.php\/wp-json\/wp\/v2\/comments?post=19"}],"version-history":[{"count":11,"href":"https:\/\/www.maler-ruegemer.de\/index.php\/wp-json\/wp\/v2\/pages\/19\/revisions"}],"predecessor-version":[{"id":317,"href":"https:\/\/www.maler-ruegemer.de\/index.php\/wp-json\/wp\/v2\/pages\/19\/revisions\/317"}],"wp:attachment":[{"href":"https:\/\/www.maler-ruegemer.de\/index.php\/wp-json\/wp\/v2\/media?parent=19"}],"curies":[{"name":"wp","href":"https:\/\/api.w.org\/{rel}","templated":true}]}}