{"id":21,"date":"2021-05-18T14:10:48","date_gmt":"2021-05-18T12:10:48","guid":{"rendered":"http:\/\/wp.maler-ruegemer.de\/?page_id=21"},"modified":"2023-03-01T09:40:07","modified_gmt":"2023-03-01T08:40:07","slug":"unternehmen","status":"publish","type":"page","link":"https:\/\/www.maler-ruegemer.de\/index.php\/unternehmen\/","title":{"rendered":"Unternehmen"},"content":{"rendered":"\n<figure class=\"wp-block-image alignfull size-large\"><img loading=\"lazy\" decoding=\"async\" width=\"1024\" height=\"459\" src=\"https:\/\/www.maler-ruegemer.de\/wp-content\/uploads\/2022\/04\/ruegemer-maler-unternehmen_01-1024x459.jpg\" alt=\"\" class=\"wp-image-216\" srcset=\"https:\/\/www.maler-ruegemer.de\/wp-content\/uploads\/2022\/04\/ruegemer-maler-unternehmen_01-1024x459.jpg 1024w, https:\/\/www.maler-ruegemer.de\/wp-content\/uploads\/2022\/04\/ruegemer-maler-unternehmen_01-300x134.jpg 300w, https:\/\/www.maler-ruegemer.de\/wp-content\/uploads\/2022\/04\/ruegemer-maler-unternehmen_01-768x344.jpg 768w, https:\/\/www.maler-ruegemer.de\/wp-content\/uploads\/2022\/04\/ruegemer-maler-unternehmen_01-1536x688.jpg 1536w, https:\/\/www.maler-ruegemer.de\/wp-content\/uploads\/2022\/04\/ruegemer-maler-unternehmen_01.jpg 1920w\" sizes=\"auto, (max-width: 1024px) 100vw, 1024px\" \/><\/figure>\n\n\n\n<p>1936 gr\u00fcndete Josef R\u00fcgemer in W\u00fcrzburg sein eigenes Maler- und Verputzergesch\u00e4ft. Er fiel im zweiten Weltkrieg.<\/p>\n\n\n\n<p>1964 er\u00f6ffnete sein Sohn Edmund R\u00fcgemer erneut ein eigenes Maler- und Verputzergesch\u00e4ft. Diesmal jedoch mit Firmensitz in Eisingen bei W\u00fcrzburg. Mit Hilfe seiner S\u00f6hne und weiterer Familienmitglieder entstand mit der Zeit ein gro\u00dfer Familienbetrieb.<\/p>\n\n\n\n<p>2004 \u00fcbernahmen dann die S\u00f6hne von Edmund R\u00fcgemer &#8211; Thomas und Christian R\u00fcgemer &#8211; die Firma und wandelten das Einzelunternehmen in die R\u00fcgemer GmbH um. Zur Zeit steht bereits die n\u00e4chste Generation in den Startl\u00f6chern, das familiengef\u00fchrte Unternehmen auch in den kommenden Jahrzehnten erfolgreich weiterzuf\u00fchren.<\/p>\n\n\n\n<p>Im Laufe der letzten Jahrzehnte wuchs das Unternehmen stetig weiter, was die Anzahl der Mitarbeiter, Servicefahrzeuge und des Equipments betrifft. Zudem wurde das Portfolio und die dazugeh\u00f6rige Qualifikation des Meisterfachbetriebs kontinuierlich erweitert.<\/p>\n\n\n\n<p>H\u00f6chste Qualit\u00e4t und sauberes Arbeiten waren von Anfang an die wichtigsten Vorgaben bei der Umsetzung eines jeden Auftrags. Diese Einstellung brachte im Laufe der Jahrzehnte viele weitere Auftraggeber. Viele von ihnen wurden zufriedene Stammkunden, die dem familiengef\u00fchrten Unternehmen R\u00fcgemer seit Jahrzehnten treu sind.<\/p>\n\n\n\n<h2 class=\"wp-block-heading\">Die aktuellen Leistungen der R\u00fcgemer GmbH in der \u00dcbersicht<\/h2>\n\n\n\n<div class=\"wp-block-columns is-layout-flex wp-container-core-columns-is-layout-9d6595d7 wp-block-columns-is-layout-flex\">\n<div class=\"wp-block-column is-layout-flow wp-block-column-is-layout-flow\">\n<ul class=\"wp-block-list\">\n<li>Trockenbau &amp; Akustikbau<\/li>\n\n\n\n<li>Au\u00dfenputz &amp; Innenputz<\/li>\n\n\n\n<li>Malerarbeiten &amp; Tapezieren<\/li>\n\n\n\n<li>Ger\u00fcstbau<\/li>\n\n\n\n<li>W\u00e4rmed\u00e4mmungen<\/li>\n\n\n\n<li>Deko &amp; Stuckarbeiten<\/li>\n\n\n\n<li>Abbrucharbeiten<\/li>\n<\/ul>\n<\/div>\n\n\n\n<div class=\"wp-block-column is-layout-flow wp-block-column-is-layout-flow\">\n<figure class=\"wp-block-image size-full\"><img loading=\"lazy\" decoding=\"async\" width=\"800\" height=\"478\" src=\"https:\/\/www.maler-ruegemer.de\/wp-content\/uploads\/2021\/05\/unternehmen_nfz.jpg\" alt=\"\" class=\"wp-image-85\" srcset=\"https:\/\/www.maler-ruegemer.de\/wp-content\/uploads\/2021\/05\/unternehmen_nfz.jpg 800w, https:\/\/www.maler-ruegemer.de\/wp-content\/uploads\/2021\/05\/unternehmen_nfz-300x179.jpg 300w, https:\/\/www.maler-ruegemer.de\/wp-content\/uploads\/2021\/05\/unternehmen_nfz-768x459.jpg 768w\" sizes=\"auto, (max-width: 800px) 100vw, 800px\" \/><\/figure>\n<\/div>\n<\/div>\n\n\n\n<p>Ihre individuellen Fragen zu Arbeiten an Ihrem Bauprojekt, Renovierungsarbeiten und Sanierungsarbeiten k\u00f6nnen Sie uns gerne vorab stellen, unter Telefon 09306 &#8211; 1238.<\/p>\n","protected":false},"excerpt":{"rendered":"<p>1936 gr\u00fcndete Josef R\u00fcgemer in W\u00fcrzburg sein eigenes Maler- und Verputzergesch\u00e4ft. Er fiel im zweiten Weltkrieg. 1964 er\u00f6ffnete sein Sohn Edmund R\u00fcgemer erneut ein eigenes Maler- und Verputzergesch\u00e4ft. Diesmal jedoch mit Firmensitz in Eisingen bei W\u00fcrzburg. Mit Hilfe seiner S\u00f6hne und weiterer Familienmitglieder entstand mit der Zeit ein gro\u00dfer Familienbetrieb. 2004 \u00fcbernahmen dann die S\u00f6hne &#8230; <a title=\"Unternehmen\" class=\"read-more\" href=\"https:\/\/www.maler-ruegemer.de\/index.php\/unternehmen\/\" aria-label=\"Mehr zu Unternehmen\">Weiterlesen &#8230;<\/a><\/p>\n","protected":false},"author":1,"featured_media":0,"parent":0,"menu_order":0,"comment_status":"closed","ping_status":"closed","template":"","meta":{"_monsterinsights_skip_tracking":false,"_monsterinsights_sitenote_active":false,"_monsterinsights_sitenote_note":"","_monsterinsights_sitenote_category":0,"footnotes":""},"class_list":["post-21","page","type-page","status-publish"],"aioseo_notices":[],"_links":{"self":[{"href":"https:\/\/www.maler-ruegemer.de\/index.php\/wp-json\/wp\/v2\/pages\/21","targetHints":{"allow":["GET"]}}],"collection":[{"href":"https:\/\/www.maler-ruegemer.de\/index.php\/wp-json\/wp\/v2\/pages"}],"about":[{"href":"https:\/\/www.maler-ruegemer.de\/index.php\/wp-json\/wp\/v2\/types\/page"}],"author":[{"embeddable":true,"href":"https:\/\/www.maler-ruegemer.de\/index.php\/wp-json\/wp\/v2\/users\/1"}],"replies":[{"embeddable":true,"href":"https:\/\/www.maler-ruegemer.de\/index.php\/wp-json\/wp\/v2\/comments?post=21"}],"version-history":[{"count":9,"href":"https:\/\/www.maler-ruegemer.de\/index.php\/wp-json\/wp\/v2\/pages\/21\/revisions"}],"predecessor-version":[{"id":294,"href":"https:\/\/www.maler-ruegemer.de\/index.php\/wp-json\/wp\/v2\/pages\/21\/revisions\/294"}],"wp:attachment":[{"href":"https:\/\/www.maler-ruegemer.de\/index.php\/wp-json\/wp\/v2\/media?parent=21"}],"curies":[{"name":"wp","href":"https:\/\/api.w.org\/{rel}","templated":true}]}}