{"id":25,"date":"2021-05-18T14:21:29","date_gmt":"2021-05-18T12:21:29","guid":{"rendered":"http:\/\/wp.maler-ruegemer.de\/?page_id=25"},"modified":"2022-04-07T12:59:36","modified_gmt":"2022-04-07T10:59:36","slug":"impressum","status":"publish","type":"page","link":"https:\/\/www.maler-ruegemer.de\/index.php\/impressum\/","title":{"rendered":"Impressum"},"content":{"rendered":"\n<p><strong>Verantwortlich f\u00fcr den Inhalt dieser Internetpr\u00e4senz:<\/strong><\/p>\n\n\n\n<p>R\u00fcgemer GmbH<br>M\u00fcllersweg 10<br>D-97249 Eisingen<\/p>\n\n\n\n<p>Telefon: 09306 &#8211; 1238<br>Telefax: 09306 &#8211; 2548<\/p>\n\n\n\n<p><a href=\"mailto:info@maler-ruegemer.de\">info@maler-ruegemer.de<\/a><\/p>\n\n\n\n<p class=\"has-text-align-right\">Grafik- und Werbeagentur<br><a href=\"https:\/\/www.e-studio.de\" target=\"_blank\" rel=\"noreferrer noopener\">e-studio.de<\/a><\/p>\n\n\n\n<p>Gesch\u00e4ftsf\u00fchrer: Thomas R\u00fcgemer, Christian R\u00fcgemer<\/p>\n\n\n\n<p>HRB 8051<br>Amtsgericht W\u00fcrzburg<br>Ottostr. 5, D-97070 W\u00fcrzburg,<br>Tel.: 0931-3810<\/p>\n\n\n\n<p>Finanzamt W\u00fcrzburg: USt-IdNr.: DE813832215<\/p>\n\n\n\n<p>Gerichtsstand ist W\u00fcrzburg.<\/p>\n\n\n\n<p>Die in dieser Internetpr\u00e4senz aufgef\u00fchrten Unternehmensbezeichnungen sind Eigentum des jeweiligen Unternehmens. Die Pr\u00e4sentation und Erw\u00e4hnung dient lediglich der Arbeits- und Referenzbeschreibung und Beschreibung der Qualit\u00e4t unserer Zulieferer und Partnerunternehmen.<\/p>\n\n\n\n<p><strong>Allgemeine Informationspflicht:<br><\/strong>\u00a736 Verbraucherstreitbeilegungsgesetz (VSBG)<br>Wir sind weder bereit noch verpflichtet, an einem Streitbeilegungsverfahren vor einer Verbraucherschlichtungsstelle teilzunehmen.<\/p>\n\n\n\n<p><strong>Verbraucherinformationen:<br><\/strong>Online-Streitbeilegung gem\u00e4\u00df Art. 14 Abs. 1 ODR-VO: Die Europ\u00e4ische Kommission stellt eine Plattform zur Online-Streitbeilegung (OS) bereit, die Sie hier finden: ec.europa.eu\/consumers\/odr<\/p>\n\n\n\n<p><\/p>\n\n\n\n<h2 class=\"wp-block-heading\">Haftungsausschluss<\/h2>\n\n\n\n<p><strong>1. Inhalt des Onlineangebotes<\/strong><\/p>\n\n\n\n<p>Wir \u00fcbernehmen keinerlei Gew\u00e4hr f\u00fcr die Aktualit\u00e4t, Korrektheit, Vollst\u00e4ndigkeit oder Qualit\u00e4t der bereitgestellten Informationen. Haftungsanspr\u00fcche gegen uns, welche sich auf Sch\u00e4den materieller oder ideeller Art beziehen, die durch die Nutzung oder Nichtnutzung der dargebotenen Informationen bzw. durch die Nutzung fehlerhafter und unvollst\u00e4ndiger Informationen verursacht wurden sind grunds\u00e4tzlich ausgeschlossen, sofern unsererseits kein nachweislich vors\u00e4tzliches oder grob fahrl\u00e4ssiges Verschulden vorliegt. Alle Angebote sind freibleibend und unverbindlich. Wir behalten uns ausdr\u00fccklich vor, Teile der Seiten oder das gesamte Angebot ohne gesonderte Ank\u00fcndigung zu ver\u00e4ndern, zu erg\u00e4nzen, zu l\u00f6schen oder die Ver\u00f6ffentlichung zeitweise oder endg\u00fcltig einzustellen.<\/p>\n\n\n\n<p><strong>2. Datenschutz<\/strong><\/p>\n\n\n\n<p>Eine Datenschutzerkl\u00e4rung finden Sie auf der Seite&nbsp;<a href=\"https:\/\/www.maler-ruegemer.de\/index.php\/datenschutzerklaerung\/\" data-type=\"page\" data-id=\"3\">Datenschutz<\/a>.<\/p>\n\n\n\n<p><strong>3. Urheber- und Kennzeichenrecht<\/strong><\/p>\n\n\n\n<p>Wir sind bestrebt, in allen Publikationen die Urheberrechte der verwendeten Bilder, Grafiken, Tondokumente, Videosequenzen und Texte zu beachten, von uns selbst erstellte Bilder, Grafiken, Tondokumente, Videosequenzen und Texte zu nutzen, oder auf lizenzfreie Bilder, Grafiken, Tondokumente, Videosequenzen und Texte zur\u00fcckzugreifen. Alle innerhalb des Internetangebotes genannten und ggf. durch Dritte gesch\u00fctzten Marken- und Warenzeichen unterliegen uneingeschr\u00e4nkt den Bestimmungen des jeweils g\u00fcltigen Kennzeichenrechts und den Besitzrechten der jeweiligen eingetragenen Eigent\u00fcmer. Allein aufgrund der blo\u00dfen Nennung ist nicht der Schluss zu ziehen, dass Markenzeichen nicht durch Rechte Dritter gesch\u00fctzt sind! Das Copyright f\u00fcr ver\u00f6ffentlichte, von uns selbst erstellte Objekte bleibt allein bei uns. Eine Vervielf\u00e4ltigung oder Verwendung der in dieser Internetpr\u00e4senz verwendeten Bilder, Grafiken, Tondokumente, Videosequenzen und Texte in anderen elektronischen oder gedruckten Publikationen ist ohne unsere ausdr\u00fcckliche Zustimmung oder die der jeweiligen eingetragenen Eigent\u00fcmer nicht gestattet.<\/p>\n\n\n\n<p><strong>4. Verweise und Links<\/strong><\/p>\n\n\n\n<p>Bei direkten oder indirekten Verweisen auf fremde Internetseiten (\u201eLinks\u201c), die au\u00dferhalb unseres Verantwortungsbereiches liegen, w\u00fcrde eine Haftungsverpflichtung ausschlie\u00dflich in dem Fall in Kraft treten, in dem wir von den Inhalten Kenntnis haben und es uns technisch m\u00f6glich und zumutbar w\u00e4re, die Nutzung im Falle rechtswidriger Inhalte zu verhindern. Wir erkl\u00e4ren daher ausdr\u00fccklich, dass zum Zeitpunkt der Linksetzung die entsprechenden verlinkten Seiten frei von illegalen Inhalten waren. Wir haben keinerlei Einfluss auf die aktuelle und zuk\u00fcnftige Gestaltung und auf die Inhalte der gelinkten\/verkn\u00fcpften Seiten. Deshalb distanzieren wir uns hiermit ausdr\u00fccklich von allen Inhalten aller gelinkten \/verkn\u00fcpften Seiten, die nach der Linksetzung ver\u00e4ndert wurden. Diese Feststellung gilt f\u00fcr alle innerhalb unseres Internetangebotes gesetzten Links und Verweise sowie f\u00fcr Fremdeintr\u00e4ge in von uns eingerichteten G\u00e4steb\u00fcchern, Diskussionsforen und Mailinglisten. F\u00fcr illegale, fehlerhafte oder unvollst\u00e4ndige Inhalte und insbesondere f\u00fcr Sch\u00e4den, die aus der Nutzung oder Nichtnutzung solcherart dargebotener Informationen entstehen, haftet allein der Anbieter der Seite, auf welche verwiesen wurde, nicht derjenige, der \u00fcber Links auf die jeweilige Ver\u00f6ffentlichung lediglich verweist.<\/p>\n\n\n\n<p><strong>5. Rechtswirksamkeit dieses Haftungsausschlusses<\/strong><\/p>\n\n\n\n<p>Dieser Haftungsausschluss ist als Teil des Internetangebotes zu betrachten. Sofern Teile oder einzelne Formulierungen dieses Textes der geltenden Rechtslage nicht, nicht mehr oder nicht vollst\u00e4ndig entsprechen sollten, bleiben die \u00fcbrigen Teile des Dokumentes in ihrem Inhalt und ihrer G\u00fcltigkeit davon unber\u00fchrt.<\/p>\n\n\n\n<p><em><\/em>Fotos: Stefan Wollin e-studio, R\u00fcgemer GmbH<\/p>\n","protected":false},"excerpt":{"rendered":"<p>Verantwortlich f\u00fcr den Inhalt dieser Internetpr\u00e4senz: R\u00fcgemer GmbHM\u00fcllersweg 10D-97249 Eisingen Telefon: 09306 &#8211; 1238Telefax: 09306 &#8211; 2548 info@maler-ruegemer.de Grafik- und Werbeagenture-studio.de Gesch\u00e4ftsf\u00fchrer: Thomas R\u00fcgemer, Christian R\u00fcgemer HRB 8051Amtsgericht W\u00fcrzburgOttostr. 5, D-97070 W\u00fcrzburg,Tel.: 0931-3810 Finanzamt W\u00fcrzburg: USt-IdNr.: DE813832215 Gerichtsstand ist W\u00fcrzburg. Die in dieser Internetpr\u00e4senz aufgef\u00fchrten Unternehmensbezeichnungen sind Eigentum des jeweiligen Unternehmens. Die Pr\u00e4sentation und Erw\u00e4hnung &#8230; <a title=\"Impressum\" class=\"read-more\" href=\"https:\/\/www.maler-ruegemer.de\/index.php\/impressum\/\" aria-label=\"Mehr zu Impressum\">Weiterlesen &#8230;<\/a><\/p>\n","protected":false},"author":1,"featured_media":0,"parent":0,"menu_order":0,"comment_status":"closed","ping_status":"closed","template":"","meta":{"_monsterinsights_skip_tracking":false,"_monsterinsights_sitenote_active":false,"_monsterinsights_sitenote_note":"","_monsterinsights_sitenote_category":0,"footnotes":""},"class_list":["post-25","page","type-page","status-publish"],"aioseo_notices":[],"_links":{"self":[{"href":"https:\/\/www.maler-ruegemer.de\/index.php\/wp-json\/wp\/v2\/pages\/25","targetHints":{"allow":["GET"]}}],"collection":[{"href":"https:\/\/www.maler-ruegemer.de\/index.php\/wp-json\/wp\/v2\/pages"}],"about":[{"href":"https:\/\/www.maler-ruegemer.de\/index.php\/wp-json\/wp\/v2\/types\/page"}],"author":[{"embeddable":true,"href":"https:\/\/www.maler-ruegemer.de\/index.php\/wp-json\/wp\/v2\/users\/1"}],"replies":[{"embeddable":true,"href":"https:\/\/www.maler-ruegemer.de\/index.php\/wp-json\/wp\/v2\/comments?post=25"}],"version-history":[{"count":7,"href":"https:\/\/www.maler-ruegemer.de\/index.php\/wp-json\/wp\/v2\/pages\/25\/revisions"}],"predecessor-version":[{"id":192,"href":"https:\/\/www.maler-ruegemer.de\/index.php\/wp-json\/wp\/v2\/pages\/25\/revisions\/192"}],"wp:attachment":[{"href":"https:\/\/www.maler-ruegemer.de\/index.php\/wp-json\/wp\/v2\/media?parent=25"}],"curies":[{"name":"wp","href":"https:\/\/api.w.org\/{rel}","templated":true}]}}