{"id":8,"date":"2021-05-18T14:06:41","date_gmt":"2021-05-18T12:06:41","guid":{"rendered":"http:\/\/wp.maler-ruegemer.de\/?page_id=8"},"modified":"2025-04-24T09:27:27","modified_gmt":"2025-04-24T07:27:27","slug":"malerbetrieb","status":"publish","type":"page","link":"https:\/\/www.maler-ruegemer.de\/","title":{"rendered":"Malerbetrieb"},"content":{"rendered":"\n<div class=\"alignfull\"><div id=\"metaslider-id-196\" style=\"width: 100%;\" class=\"ml-slider-3-92-1 metaslider metaslider-flex metaslider-196 ml-slider ms-theme-default\" role=\"region\" aria-roledescription=\"Slideshow\" aria-label=\"Startseite\">\n    <div id=\"metaslider_container_196\">\n        <div id=\"metaslider_196\">\n            <ul class='slides'>\n                <li style=\"display: block; width: 100%;\" class=\"slide-206 ms-image \" aria-roledescription=\"slide\" aria-label=\"slide-206\"><img loading=\"lazy\" decoding=\"async\" src=\"https:\/\/www.maler-ruegemer.de\/wp-content\/uploads\/2022\/04\/ruegemer_trockenbau_11.jpg\" height=\"860\" width=\"1920\" alt=\"\" class=\"slider-196 slide-206\" title=\"ruegemer_trockenbau_11\" \/><\/li>\n                <li style=\"display: none; width: 100%;\" class=\"slide-202 ms-image \" aria-roledescription=\"slide\" aria-label=\"slide-202\"><img loading=\"lazy\" decoding=\"async\" src=\"https:\/\/www.maler-ruegemer.de\/wp-content\/uploads\/2022\/04\/ruegemer_trockenbau_1.jpg\" height=\"860\" width=\"1920\" alt=\"\" class=\"slider-196 slide-202\" title=\"ruegemer_trockenbau_1\" \/><\/li>\n                <li style=\"display: none; width: 100%;\" class=\"slide-203 ms-image \" aria-roledescription=\"slide\" aria-label=\"slide-203\"><img loading=\"lazy\" decoding=\"async\" src=\"https:\/\/www.maler-ruegemer.de\/wp-content\/uploads\/2022\/04\/ruegemer_trockenbau_2.jpg\" height=\"860\" width=\"1920\" alt=\"\" class=\"slider-196 slide-203\" title=\"ruegemer_trockenbau_2\" \/><\/li>\n                <li style=\"display: none; width: 100%;\" class=\"slide-204 ms-image \" aria-roledescription=\"slide\" aria-label=\"slide-204\"><img loading=\"lazy\" decoding=\"async\" src=\"https:\/\/www.maler-ruegemer.de\/wp-content\/uploads\/2022\/04\/ruegemer_trockenbau_3.jpg\" height=\"860\" width=\"1920\" alt=\"\" class=\"slider-196 slide-204\" title=\"ruegemer_trockenbau_3\" \/><\/li>\n                <li style=\"display: none; width: 100%;\" class=\"slide-205 ms-image \" aria-roledescription=\"slide\" aria-label=\"slide-205\"><img loading=\"lazy\" decoding=\"async\" src=\"https:\/\/www.maler-ruegemer.de\/wp-content\/uploads\/2022\/04\/ruegemer_geruestbau_4.jpg\" height=\"860\" width=\"1920\" alt=\"\" class=\"slider-196 slide-205\" title=\"ruegemer_geruestbau_4\" \/><\/li>\n            <\/ul>\n        <\/div>\n        \n    <\/div>\n<\/div><\/div>\n\n\n\n<h2 class=\"wp-block-heading\">Familiengef\u00fchrter Malerbetrieb<\/h2>\n\n\n\n<p>Wir, die R\u00fcgemer GmbH in Eisingen bei W\u00fcrzburg, f\u00fchren Arbeiten im Trockenbau, Verputz und Malerarbeiten durch und stellen Bauger\u00fcste. Im Detail umfasst unser Leistungsspektrum die Arbeit an kleinen wie gro\u00dfen Bauprojekten im Bereich Ger\u00fcstbau, Trockenbau, Akustikbau, Au\u00dfenputz und Innenputz, Malerarbeiten, Tapezieren, W\u00e4rmed\u00e4mmung, Wanddekoration und Stuckarbeiten. Auch vorausgehende Abbrucharbeiten werden von uns gewissenhaft durchgef\u00fchrt. <\/p>\n\n\n\n<p>Unsere rund 60 Mitarbeiter gew\u00e4hrleisten auch bei gro\u00dfen Bauprojekten eine fachgerechte, zuverl\u00e4ssige und terminsichere Umsetzung. Ein respektvolles Miteinander mit unseren Auftraggebern und auch innerhalb unserer eigenen Baustellen-Teams ist die Basis unseres erfolgreichen Familienunternehmens.<\/p>\n\n\n\n<p>Stellen Sie uns eine Aufgabe zu Ihrem Bauvorhaben und \u00fcberzeugen auch Sie sich von unserer Leistungsbereitschaft und kompetenten Arbeit: Servicetelefon: 09306 &#8211; 1238<\/p>\n\n\n\n<div class=\"wp-block-columns alignfull is-layout-flex wp-container-core-columns-is-layout-9d6595d7 wp-block-columns-is-layout-flex\">\n<div class=\"wp-block-column is-layout-flow wp-block-column-is-layout-flow\">\n<div class=\"wp-block-cover is-light\"><img loading=\"lazy\" decoding=\"async\" width=\"1920\" height=\"860\" class=\"wp-block-cover__image-background wp-image-198\" alt=\"\" src=\"https:\/\/www.maler-ruegemer.de\/wp-content\/uploads\/2022\/04\/ruegemer_trockenbau_2.jpg\" data-object-fit=\"cover\" srcset=\"https:\/\/www.maler-ruegemer.de\/wp-content\/uploads\/2022\/04\/ruegemer_trockenbau_2.jpg 1920w, https:\/\/www.maler-ruegemer.de\/wp-content\/uploads\/2022\/04\/ruegemer_trockenbau_2-300x134.jpg 300w, https:\/\/www.maler-ruegemer.de\/wp-content\/uploads\/2022\/04\/ruegemer_trockenbau_2-1024x459.jpg 1024w, https:\/\/www.maler-ruegemer.de\/wp-content\/uploads\/2022\/04\/ruegemer_trockenbau_2-768x344.jpg 768w, https:\/\/www.maler-ruegemer.de\/wp-content\/uploads\/2022\/04\/ruegemer_trockenbau_2-1536x688.jpg 1536w\" sizes=\"auto, (max-width: 1920px) 100vw, 1920px\" \/><span aria-hidden=\"true\" class=\"wp-block-cover__background has-background-dim-20 has-background-dim\"><\/span><div class=\"wp-block-cover__inner-container is-layout-flow wp-block-cover-is-layout-flow\">\n<p class=\"has-text-align-center has-white-color has-text-color has-medium-font-size\"><strong>Trockenbau &amp; Akustikbau<\/strong><\/p>\n\n\n\n<div class=\"wp-block-buttons is-horizontal is-content-justification-center is-layout-flex wp-container-core-buttons-is-layout-499968f5 wp-block-buttons-is-layout-flex\">\n<div class=\"wp-block-button\"><a class=\"wp-block-button__link wp-element-button\" href=\"https:\/\/www.maler-ruegemer.de\/index.php\/trockenbau\/\">Alle Infos<\/a><\/div>\n<\/div>\n<\/div><\/div>\n<\/div>\n\n\n\n<div class=\"wp-block-column is-layout-flow wp-block-column-is-layout-flow\">\n<div class=\"wp-block-cover\"><img loading=\"lazy\" decoding=\"async\" width=\"1920\" height=\"860\" class=\"wp-block-cover__image-background wp-image-222\" alt=\"\" src=\"https:\/\/www.maler-ruegemer.de\/wp-content\/uploads\/2022\/04\/ruegemer_verputzen_4.jpg\" data-object-fit=\"cover\" srcset=\"https:\/\/www.maler-ruegemer.de\/wp-content\/uploads\/2022\/04\/ruegemer_verputzen_4.jpg 1920w, https:\/\/www.maler-ruegemer.de\/wp-content\/uploads\/2022\/04\/ruegemer_verputzen_4-300x134.jpg 300w, https:\/\/www.maler-ruegemer.de\/wp-content\/uploads\/2022\/04\/ruegemer_verputzen_4-1024x459.jpg 1024w, https:\/\/www.maler-ruegemer.de\/wp-content\/uploads\/2022\/04\/ruegemer_verputzen_4-768x344.jpg 768w, https:\/\/www.maler-ruegemer.de\/wp-content\/uploads\/2022\/04\/ruegemer_verputzen_4-1536x688.jpg 1536w\" sizes=\"auto, (max-width: 1920px) 100vw, 1920px\" \/><span aria-hidden=\"true\" class=\"wp-block-cover__background has-background-dim-20 has-background-dim\"><\/span><div class=\"wp-block-cover__inner-container is-layout-flow wp-block-cover-is-layout-flow\">\n<p class=\"has-text-align-center has-medium-font-size\"><strong>Au\u00dfenputz &amp; Innenputz<\/strong><\/p>\n\n\n\n<div class=\"wp-block-buttons is-horizontal is-content-justification-center is-layout-flex wp-container-core-buttons-is-layout-499968f5 wp-block-buttons-is-layout-flex\">\n<div class=\"wp-block-button\"><a class=\"wp-block-button__link wp-element-button\" href=\"https:\/\/www.maler-ruegemer.de\/index.php\/verputz\/\">Alle Infos<\/a><\/div>\n<\/div>\n<\/div><\/div>\n<\/div>\n\n\n\n<div class=\"wp-block-column is-layout-flow wp-block-column-is-layout-flow\">\n<div class=\"wp-block-cover is-light\"><img loading=\"lazy\" decoding=\"async\" width=\"1920\" height=\"860\" class=\"wp-block-cover__image-background wp-image-199\" alt=\"\" src=\"https:\/\/www.maler-ruegemer.de\/wp-content\/uploads\/2022\/04\/ruegemer_trockenbau_3.jpg\" data-object-fit=\"cover\" srcset=\"https:\/\/www.maler-ruegemer.de\/wp-content\/uploads\/2022\/04\/ruegemer_trockenbau_3.jpg 1920w, https:\/\/www.maler-ruegemer.de\/wp-content\/uploads\/2022\/04\/ruegemer_trockenbau_3-300x134.jpg 300w, https:\/\/www.maler-ruegemer.de\/wp-content\/uploads\/2022\/04\/ruegemer_trockenbau_3-1024x459.jpg 1024w, https:\/\/www.maler-ruegemer.de\/wp-content\/uploads\/2022\/04\/ruegemer_trockenbau_3-768x344.jpg 768w, https:\/\/www.maler-ruegemer.de\/wp-content\/uploads\/2022\/04\/ruegemer_trockenbau_3-1536x688.jpg 1536w\" sizes=\"auto, (max-width: 1920px) 100vw, 1920px\" \/><span aria-hidden=\"true\" class=\"wp-block-cover__background has-background-dim-20 has-background-dim\"><\/span><div class=\"wp-block-cover__inner-container is-layout-flow wp-block-cover-is-layout-flow\">\n<p class=\"has-text-align-center has-white-color has-text-color has-medium-font-size\"><strong>Malerarbeiten &amp; Tapezieren<\/strong><\/p>\n\n\n\n<div class=\"wp-block-buttons is-horizontal is-content-justification-center is-layout-flex wp-container-core-buttons-is-layout-499968f5 wp-block-buttons-is-layout-flex\">\n<div class=\"wp-block-button\"><a class=\"wp-block-button__link wp-element-button\" href=\"https:\/\/www.maler-ruegemer.de\/index.php\/malerarbeiten\/\">Alle Infos<\/a><\/div>\n<\/div>\n<\/div><\/div>\n<\/div>\n\n\n\n<div class=\"wp-block-column is-layout-flow wp-block-column-is-layout-flow\">\n<div class=\"wp-block-cover\"><img loading=\"lazy\" decoding=\"async\" width=\"1920\" height=\"860\" class=\"wp-block-cover__image-background wp-image-212\" alt=\"\" src=\"https:\/\/www.maler-ruegemer.de\/wp-content\/uploads\/2022\/04\/ruegemer_geruestbau_2.jpg\" data-object-fit=\"cover\" srcset=\"https:\/\/www.maler-ruegemer.de\/wp-content\/uploads\/2022\/04\/ruegemer_geruestbau_2.jpg 1920w, https:\/\/www.maler-ruegemer.de\/wp-content\/uploads\/2022\/04\/ruegemer_geruestbau_2-300x134.jpg 300w, https:\/\/www.maler-ruegemer.de\/wp-content\/uploads\/2022\/04\/ruegemer_geruestbau_2-1024x459.jpg 1024w, https:\/\/www.maler-ruegemer.de\/wp-content\/uploads\/2022\/04\/ruegemer_geruestbau_2-768x344.jpg 768w, https:\/\/www.maler-ruegemer.de\/wp-content\/uploads\/2022\/04\/ruegemer_geruestbau_2-1536x688.jpg 1536w\" sizes=\"auto, (max-width: 1920px) 100vw, 1920px\" \/><span aria-hidden=\"true\" class=\"wp-block-cover__background has-background-dim-20 has-background-dim\"><\/span><div class=\"wp-block-cover__inner-container is-layout-flow wp-block-cover-is-layout-flow\">\n<p class=\"has-text-align-center has-medium-font-size\"><strong>Ger\u00fcstbau<\/strong><\/p>\n\n\n\n<div class=\"wp-block-buttons is-horizontal is-content-justification-center is-layout-flex wp-container-core-buttons-is-layout-499968f5 wp-block-buttons-is-layout-flex\">\n<div class=\"wp-block-button\"><a class=\"wp-block-button__link wp-element-button\" href=\"https:\/\/www.maler-ruegemer.de\/index.php\/geruestbau\/\">Alle Infos<\/a><\/div>\n<\/div>\n<\/div><\/div>\n<\/div>\n<\/div>\n\n\n<div class=\"wp-block-image\">\n<figure class=\"aligncenter size-full is-resized\"><a href=\"https:\/\/www.maler-ruegemer.de\/wp-content\/uploads\/2025\/03\/doc04659720250320132420.pdf\" target=\"_blank\" rel=\" noreferrer noopener\"><img loading=\"lazy\" decoding=\"async\" width=\"357\" height=\"252\" src=\"https:\/\/www.maler-ruegemer.de\/wp-content\/uploads\/2025\/03\/nmaler-ruegemer_zertifikat.jpg\" alt=\"\" class=\"wp-image-307\" style=\"width:125px;height:auto\" srcset=\"https:\/\/www.maler-ruegemer.de\/wp-content\/uploads\/2025\/03\/nmaler-ruegemer_zertifikat.jpg 357w, https:\/\/www.maler-ruegemer.de\/wp-content\/uploads\/2025\/03\/nmaler-ruegemer_zertifikat-300x212.jpg 300w\" sizes=\"auto, (max-width: 357px) 100vw, 357px\" \/><\/a><\/figure>\n<\/div>","protected":false},"excerpt":{"rendered":"<p>Familiengef\u00fchrter Malerbetrieb Wir, die R\u00fcgemer GmbH in Eisingen bei W\u00fcrzburg, f\u00fchren Arbeiten im Trockenbau, Verputz und Malerarbeiten durch und stellen Bauger\u00fcste. Im Detail umfasst unser Leistungsspektrum die Arbeit an kleinen wie gro\u00dfen Bauprojekten im Bereich Ger\u00fcstbau, Trockenbau, Akustikbau, Au\u00dfenputz und Innenputz, Malerarbeiten, Tapezieren, W\u00e4rmed\u00e4mmung, Wanddekoration und Stuckarbeiten. Auch vorausgehende Abbrucharbeiten werden von uns gewissenhaft durchgef\u00fchrt. &#8230; <a title=\"Malerbetrieb\" class=\"read-more\" href=\"https:\/\/www.maler-ruegemer.de\/\" aria-label=\"Mehr zu Malerbetrieb\">Weiterlesen &#8230;<\/a><\/p>\n","protected":false},"author":1,"featured_media":0,"parent":0,"menu_order":0,"comment_status":"closed","ping_status":"closed","template":"","meta":{"_monsterinsights_skip_tracking":false,"_monsterinsights_sitenote_active":false,"_monsterinsights_sitenote_note":"","_monsterinsights_sitenote_category":0,"footnotes":""},"class_list":["post-8","page","type-page","status-publish"],"aioseo_notices":[],"_links":{"self":[{"href":"https:\/\/www.maler-ruegemer.de\/index.php\/wp-json\/wp\/v2\/pages\/8","targetHints":{"allow":["GET"]}}],"collection":[{"href":"https:\/\/www.maler-ruegemer.de\/index.php\/wp-json\/wp\/v2\/pages"}],"about":[{"href":"https:\/\/www.maler-ruegemer.de\/index.php\/wp-json\/wp\/v2\/types\/page"}],"author":[{"embeddable":true,"href":"https:\/\/www.maler-ruegemer.de\/index.php\/wp-json\/wp\/v2\/users\/1"}],"replies":[{"embeddable":true,"href":"https:\/\/www.maler-ruegemer.de\/index.php\/wp-json\/wp\/v2\/comments?post=8"}],"version-history":[{"count":22,"href":"https:\/\/www.maler-ruegemer.de\/index.php\/wp-json\/wp\/v2\/pages\/8\/revisions"}],"predecessor-version":[{"id":319,"href":"https:\/\/www.maler-ruegemer.de\/index.php\/wp-json\/wp\/v2\/pages\/8\/revisions\/319"}],"wp:attachment":[{"href":"https:\/\/www.maler-ruegemer.de\/index.php\/wp-json\/wp\/v2\/media?parent=8"}],"curies":[{"name":"wp","href":"https:\/\/api.w.org\/{rel}","templated":true}]}}